{"id":190,"date":"2011-10-28T18:09:41","date_gmt":"2011-10-28T16:09:41","guid":{"rendered":"https:\/\/flexolaser.es\/?page_id=190"},"modified":"2015-12-15T20:05:34","modified_gmt":"2015-12-15T19:05:34","slug":"terms-of-service-and-privacy","status":"publish","type":"page","link":"https:\/\/flexolaser.es\/en\/terms-of-service-and-privacy\/","title":{"rendered":"Terms of Service and Privacy"},"content":{"rendered":"<p>En cumplimiento de la Ley 34\/2002, de 11 de julio, de Servicios de la Sociedad de la Informaci\u00f3n y de Comercio Electr\u00f3nico (LSSI-CE), FLEXOLASER S.L informa que es titular del sitio web www.flexolaser.es\u00a0De acuerdo con la exigencia del art\u00edculo 10 de la citada Ley, FLEXOLASER S.L informa de los siguientes datos:<\/p>\n<p>El titular de este sitio web es FLEXOLASER S.L, con CIF B12573820 y domicilio social en POL. EL COLOMER NAVE 9 12200, ONDA (CASTELL\u00d3N), inscrita en el Registro Mercantil, en el tomo &#8230;&#8230;&#8230;&#8230;&#8230;, folio &#8230;&#8230;&#8230;&#8230;&#8230;, hoja &#8230;&#8230;&#8230;&#8230;&#8230; e inscripci\u00f3n &#8230;&#8230;&#8230;&#8230;&#8230;. La direcci\u00f3n de correo electr\u00f3nico de contacto con la empresa es: info@flexolaser.es<\/p>\n<h4><strong>USUARIO Y R\u00c9GIMEN DE RESPONSABILIDADES<\/strong><\/h4>\n<p>La navegaci\u00f3n, acceso y uso por el sitio web de FLEXOLASER S.L confiere la condici\u00f3n de usuario, por la que se aceptan, desde la navegaci\u00f3n por el sitio web de FLEXOLASER S.L, todas las condiciones de uso aqu\u00ed establecidas sin perjuicio de la aplicaci\u00f3n de la correspondiente normativa de obligado cumplimiento legal seg\u00fan el caso.<\/p>\n<p>El sitio web de FLEXOLASER S.L proporciona gran diversidad de informaci\u00f3n, servicios y datos. El usuario asume su responsabilidad en el uso correcto del sitio web. Esta responsabilidad se extender\u00e1 a:<\/p>\n<ul>\n<li>La veracidad y licitud de las informaciones aportadas por el usuario en los formularios extendidos por FLEXOLASER S.L para el acceso a ciertos contenidos o servicios ofrecidos por el web.<\/li>\n<li>El uso de la informaci\u00f3n, servicios y datos ofrecidos por FLEXOLASER S.L contrariamente a lo dispuesto por las presentes condiciones, la Ley, la moral, las buenas costumbres o el orden p\u00fablico, o que de cualquier otro modo puedan suponer lesi\u00f3n de los derechos de terceros o del mismo funcionamiento del sitio web.<\/li>\n<\/ul>\n<h4><strong>POL\u00cdTICA DE ENLACES Y EXENCIONES DE RESPONSABILIDAD<\/strong><\/h4>\n<p>FLEXOLASER S.L no se hace responsable del contenido de los sitios web a los que el usuario pueda acceder a trav\u00e9s de los enlaces establecidos en su sitio web y declara que en ning\u00fan caso proceder\u00e1 a examinar o ejercitar ning\u00fan tipo de control sobre el contenido de otros sitios de la red. Asimismo, tampoco garantizar\u00e1 la disponibilidad t\u00e9cnica, exactitud, veracidad, validez o legalidad de sitios ajenos a su propiedad a los que se pueda acceder por medio de los enlaces.<\/p>\n<p>FLEXOLASER S.L declara haber adoptado todas las medidas necesarias para evitar cualquier da\u00f1o a los usuarios de su sitio web, que pudieran derivarse de la navegaci\u00f3n por su sitio web. En consecuencia, FLEXOLASER S.L no se hace responsable, en ning\u00fan caso, de los eventuales da\u00f1os que por la navegaci\u00f3n por Internet pudiera sufrir el usuario.<\/p>\n<h4><strong>MODIFICACIONES<\/strong><\/h4>\n<p>FLEXOLASER S.L se reserva el derecho a realizar las modificaciones que considere oportunas, sin aviso previo, en el contenido de su sitio web. Tanto en lo referente a los contenidos del sitio web, como en las condiciones de uso del mismo. Dichas modificaciones podr\u00e1n realizarse a trav\u00e9s de su sitio web por cualquier forma admisible en derecho y ser\u00e1n de obligado cumplimiento durante el tiempo en que se encuentren publicadas en la web y hasta que no sean modificadas v\u00e1lidamente por otras posteriores.<\/p>\n<h4><strong>PROTECCI\u00d3N DE DATOS<\/strong><\/h4>\n<p>De conformidad con lo que establece la Ley Org\u00e1nica 15\/1999 de Protecci\u00f3n de Datos de Car\u00e1cter Personal (LOPD), FLEXOLASER S.L informa a los usuarios de su sitio web que los datos personales recabados por la empresa, mediante los formularios sitos en sus p\u00e1ginas, ser\u00e1n introducidos en un fichero automatizado bajo la responsabilidad de FLEXOLASER S.L, con la finalidad de poder facilitar, agilizar y cumplir los compromisos establecidos entre ambas partes.<\/p>\n<p>Asimismo, FLEXOLASER S.L informa de la posibilidad de ejercer los derechos de acceso, rectificaci\u00f3n, cancelaci\u00f3n y oposici\u00f3n mediante un escrito a la direcci\u00f3n: POL. EL COLOMER NAVE 9 12200, ONDA (CASTELL\u00d3N).<\/p>\n<p>Mientras el usuario no comunique lo contrario a FLEXOLASER S.L, \u00e9sta entender\u00e1 que sus datos no han sido modificados, que el usuario se compromete a notificar a FLEXOLASER S.L cualquier variaci\u00f3n y que FLEXOLASER S.L tiene el consentimiento para utilizarlos a fin de poder fidelizar la relaci\u00f3n entre las partes.<\/p>\n<h4><strong>PROPIEDAD INTELECTUAL E INDUSTRIAL<\/strong><\/h4>\n<p>FLEXOLASER S.L por s\u00ed misma o como cesionaria, es titular de todos los derechos de propiedad intelectual e industrial de su p\u00e1gina web, as\u00ed como de los elementos contenidos en la misma (a t\u00edtulo enunciativo, im\u00e1genes, sonido, audio, v\u00eddeo, software o textos; marcas o logotipos, combinaciones de colores, estructura y dise\u00f1o, selecci\u00f3n de materiales usados, programas de ordenador necesarios para su funcionamiento, acceso y uso, etc.), titularidad de FLEXOLASER S.L. Ser\u00e1n, por consiguiente, obras protegidas como propiedad intelectual por el ordenamiento jur\u00eddico espa\u00f1ol, si\u00e9ndoles aplicables tanto la normativa espa\u00f1ola y comunitaria en este campo, como los tratados internacionales relativos a la materia y suscritos por Espa\u00f1a.<\/p>\n<p>Todos los derechos reservados. En virtud de lo dispuesto en los art\u00edculos 8 y 32.1, p\u00e1rrafo segundo, de la Ley de Propiedad Intelectual, quedan expresamente prohibidas la reproducci\u00f3n, la distribuci\u00f3n y la comunicaci\u00f3n p\u00fablica, incluida su modalidad de puesta a disposici\u00f3n, de la totalidad o parte de los contenidos de esta p\u00e1gina web, con fines comerciales, en cualquier soporte y por cualquier medio t\u00e9cnico, sin la autorizaci\u00f3n de FLEXOLASER S.L.<\/p>\n<p>El usuario se compromete a respetar los derechos de Propiedad Intelectual e Industrial titularidad de FLEXOLASER S.L. Podr\u00e1 visualizar los elementos del portal e incluso imprimirlos, copiarlos y almacenarlos en el disco duro de su ordenador o en cualquier otro soporte f\u00edsico siempre y cuando sea, \u00fanica y exclusivamente, para su uso personal y privado. El usuario deber\u00e1 abstenerse de suprimir, alterar, eludir o manipular cualquier dispositivo de protecci\u00f3n o sistema de seguridad que estuviera instalado en las p\u00e1ginas de FLEXOLASER S.L.<\/p>\n<h4><strong>ACCIONES LEGALES, LEGISLACI\u00d3N APLICABLE Y JURISDICCI\u00d3N<\/strong><\/h4>\n<p>FLEXOLASER S.L se reserva, asimismo, la facultad de presentar las acciones civiles o penales que considere oportunas por la utilizaci\u00f3n indebida de su sitio web y contenidos, o por el incumplimiento de las presentes condiciones.<\/p>\n<p>La relaci\u00f3n entre el usuario y el prestador se regir\u00e1 por la normativa vigente y de aplicaci\u00f3n en el territorio espa\u00f1ol. De surgir cualquier controversia las partes podr\u00e1n someter sus conflictos a arbitraje o acudir a la jurisdicci\u00f3n ordinaria cumpliendo con las normas sobre jurisdicci\u00f3n y competencia al respecto. FLEXOLASER S.L tiene su domicilio en CASTELL\u00d3N, Espa\u00f1a<\/p>\n<p>De conformidad con lo que establece la Ley Org\u00e1nica 15\/1999 de Protecci\u00f3n de Datos de Car\u00e1cter Personal (LOPD), FLEXOLASER S.L informa a los usuarios de su sitio web que los datos personales recabados por la empresa, mediante los formularios sitos en sus p\u00e1ginas, ser\u00e1n introducidos en un fichero automatizado bajo la responsabilidad de FLEXOLASER S.L, con la finalidad de poder facilitar, agilizar y cumplir los compromisos establecidos entre ambas partes.<\/p>\n<p>Asimismo, FLEXOLASER S.L informa de la posibilidad de ejercer los derechos de acceso, rectificaci\u00f3n, cancelaci\u00f3n y oposici\u00f3n mediante un escrito a la direcci\u00f3n: POL. EL COLOMER NAVE 9 12200, ONDA (CASTELL\u00d3N)<\/p>\n<p>Mientras el usuario no comunique lo contrario a FLEXOLASER S.L, \u00e9sta entender\u00e1 que sus datos no han sido modificados, que el usuario se compromete a notificar a FLEXOLASER S.L cualquier variaci\u00f3n y que FLEXOLASER S.L tiene el consentimiento para utilizarlos a fin de poder fidelizar la relaci\u00f3n entre las partes.<\/p>\n<h4>Pol\u00edtica de privacidad redes sociales<\/h4>\n<p>De conformidad con lo que establece la Ley Org\u00e1nica 15\/1999 de Protecci\u00f3n de Datos de Car\u00e1cter Personal (LOPD), FLEXOLASER S.L \u00a0informa a los usuarios de su sitio web que los datos personales recabados por la empresa, mediante los formularios sitos en sus p\u00e1ginas, ser\u00e1n introducidos en un fichero automatizado bajo la responsabilidad de FLEXOLASER S.L,\u00a0con la finalidad de poder facilitar, agilizar y cumplir los compromisos establecidos entre ambas partes.<\/p>\n<p>Asimismo, FLEXOLASER S.L\u00a0informa de la posibilidad de ejercer los derechos de acceso, rectificaci\u00f3n, cancelaci\u00f3n y oposici\u00f3n mediante un escrito a la direcci\u00f3n: POL. EL COLOMER NAVE 9 12200, ONDA (CASTELL\u00d3N).<\/p>\n<p>Mientras el usuario no comunique lo contrario a\u00a0FLEXOLASER S.L, \u00e9sta entender\u00e1 que sus datos no han sido modificados, que el usuario se compromete a notificar a FLEXOLASER S.L cualquier variaci\u00f3n y que FLEXOLASER S.L tiene el consentimiento para utilizarlos a fin de poder fidelizar la relaci\u00f3n entre las partes.<\/p>\n<p>En cumplimiento de la Ley Org\u00e1nica 15\/1999, de 13 de diciembre, de Protecci\u00f3n de Datos de Car\u00e1cter Personal (LOPD) y la Ley 34\/2002, de 11 de julio, de Servicios de la Sociedad de la Informaci\u00f3n y de Comercio Electr\u00f3nico (LSSI-CE), FLEXOLASER S.L informa a los usuarios, que ha procedido a crear un perfil en la\/s Red\/es Social\/es Facebook, Twitter, con la finalidad principal de publicitar sus productos y servicios.<\/p>\n<p>Datos de FLEXOLASER S.L<br \/>\nB12573820 POL. EL COLOMER NAVE 9 12200,<br \/>\nONDA (CASTELL\u00d3N)<br \/>\ninfo@flexolaser.es<br \/>\nwww.flexolaser.es<\/p>\n<p>El usuario dispone de un perfil en la misma Red Social y ha decidido unirse a la p\u00e1gina creada por FLEXOLASER S.L, mostrando as\u00ed inter\u00e9s en la informaci\u00f3n que se publicite en la Red. Al unirse a nuestra p\u00e1gina, nos facilita su consentimiento para el tratamiento de aquellos datos personales publicados en su perfil.<\/p>\n<p>El usuario puede acceder en todo momento a las pol\u00edticas de privacidad de la propia Red Social, as\u00ed como configurar su perfil para garantizar su privacidad.<\/p>\n<p>FLEXOLASER S.L tiene acceso y trata aquella informaci\u00f3n p\u00fablica del usuario, en especial, su nombre de contacto. Estos datos, s\u00f3lo son utilizados dentro de la propia Red Social. No son incorporados a ning\u00fan fichero.<\/p>\n<p>En relaci\u00f3n a los derechos de acceso, rectificaci\u00f3n, cancelaci\u00f3n y oposici\u00f3n, de los que usted dispone y que pueden ser ejercitados ante FLEXOLASER S.L, de acuerdo con la LOPD, debe tener en cuenta los siguientes matices:<\/p>\n<ul>\n<li>Acceso: Vendr\u00e1 definido por la funcionalidad de la Red Social y la capacidad de acceso a la informaci\u00f3n de los perfiles de los usuarios.<\/li>\n<li>Rectificaci\u00f3n: S\u00f3lo podr\u00e1 satisfacerse en relaci\u00f3n a aquella informaci\u00f3n que se encuentre bajo el control de FLEXOLASER S.L, por ejemplo, eliminar comentarios publicados en la propia p\u00e1gina. Normalmente, este derecho deber\u00e1 ejercerlo ante la Red Social.<\/li>\n<li>Cancelaci\u00f3n y\/u Oposici\u00f3n: Como en el caso anterior, s\u00f3lo podr\u00e1 satisfacerse en relaci\u00f3n a aquella informaci\u00f3n que se encuentre bajo el control de FLEXOLASER S.L, por ejemplo, dejar de estar unido al perfil.<\/li>\n<\/ul>\n<p>FLEXOLASER S.L realizar\u00e1 las siguientes actuaciones:<\/p>\n<ul>\n<li>Acceso a la informaci\u00f3n p\u00fablica del perfil.<\/li>\n<li>Publicaci\u00f3n en el perfil del usuario de toda aquella informaci\u00f3n ya publicada en la p\u00e1gina de FLEXOLASER S.L.<\/li>\n<li>Enviar mensajes personales e individuales a trav\u00e9s de los canales de la Red Social.<\/li>\n<li>Actualizaciones del estado de la p\u00e1gina que se publicar\u00e1n en el perfil del usuario.<\/li>\n<li>El usuario siempre puede controlar sus conexiones, eliminar los contenidos que dejen de interesarle y restringir con qui\u00e9n comparte sus conexiones, para ello deber\u00e1 acceder a su configuraci\u00f3n de privacidad.<\/li>\n<\/ul>\n<h4>Publicaciones<\/h4>\n<p>El usuario, una vez unido a la p\u00e1gina de FLEXOLASER S.L, podr\u00e1 publicar en \u00e9sta \u00faltima comentarios, enlaces, im\u00e1genes o fotograf\u00edas o cualquier otro tipo de contenido multimedia soportado por la Red Social.<\/p>\n<p>El usuario, en todos los casos, debe ser el titular de los mismos, gozar de los derechos de autor y de propiedad intelectual o contar con el consentimiento de los terceros afectados.<\/p>\n<p>Se proh\u00edbe expresamente cualquier publicaci\u00f3n en la p\u00e1gina, ya sean textos, gr\u00e1ficos, fotograf\u00edas, v\u00eddeos, etc. que atenten o sean susceptibles de atentar contra la moral, la \u00e9tica, el buen gusto o el decoro, y\/o que infrinjan, violen o quebranten los derechos de propiedad intelectual o industrial, el derecho a la imagen o la Ley. En estos casos, FLEXOLASER S.L se reserva el derecho a retirar de inmediato el contenido, pudiendo solicitar el bloqueo permanente del usuario.<\/p>\n<p>FLEXOLASER S.L no se har\u00e1 responsable de los contenidos que libremente ha publicado un usuario.<\/p>\n<p>El usuario debe tener presente que sus publicaciones ser\u00e1n conocidas por los otros usuarios, por lo que \u00e9l mismo es el principal responsable de su privacidad.<\/p>\n<p>Las im\u00e1genes que puedan publicarse en la p\u00e1gina no ser\u00e1n almacenadas en ning\u00fan fichero por parte de FLEXO LASER SL, pero s\u00ed que permanecer\u00e1n en la Red Social.<\/p>\n<h4>Concursos y promociones<\/h4>\n<p>FLEXOLASER S.L se reserva el derecho a realizar concursos y promociones, en los que podr\u00e1 participar el usuario unido a su p\u00e1gina. Las bases de cada uno de ellos, cuando se utilice para ello la plataforma de la Red Social, ser\u00e1n publicadas en la misma. Cumpliendo siempre con la LSSI-CE y con cualquier otra norma que le sea de aplicaci\u00f3n.<\/p>\n<p>La Red Social no patrocina, avala ni administra, de modo alguno, ninguna de nuestras promociones, ni est\u00e1 asociada a ninguna de ellas.<\/p>\n<h4>Publicidad<\/h4>\n<p>FLEXOLASER S.L utilizar\u00e1 la Red Social para publicitar sus productos y servicios, en todo caso, si decide tratar sus datos de contacto para realizar acciones directas de prospecci\u00f3n comercial, ser\u00e1 siempre, cumpliendo con las exigencias legales de la LOPD y de la LSSI-CE.<\/p>\n<p>No se considerar\u00e1 publicidad el hecho de recomendar a otros usuarios la p\u00e1gina de FLEXOLASER S.L para que tambi\u00e9n ellos puedan disfrutar de las promociones o estar informados de su actividad.<\/p>\n<p>A continuaci\u00f3n detallamos el enlace a la pol\u00edtica de privacidad de la Red Social:<br \/>\nFacebook: <a href=\"https:\/\/www.facebook.com\/help\/323540651073243\/ Twitter: https:\/\/twitter.com\/privacy\">https:\/\/www.facebook.com\/help\/323540651073243\/<\/a><br \/>\nTwitter: <a href=\"https:\/\/twitter.com\/privacy\">https:\/\/twitter.com\/privacy<\/a><\/p>\n","protected":false},"excerpt":{"rendered":"<p>En cumplimiento de la Ley 34\/2002, de 11 de julio, de Servicios de la Sociedad de la Informaci\u00f3n y de Comercio Electr\u00f3nico (LSSI-CE), FLEXOLASER S.L informa que es titular del  <a href=\"https:\/\/flexolaser.es\/en\/terms-of-service-and-privacy\/\" class=\"leer-mas\">[&hellip;]<\/a><\/p>\n","protected":false},"author":4,"featured_media":0,"parent":0,"menu_order":0,"comment_status":"open","ping_status":"open","template":"","meta":{"footnotes":""},"acf":[],"_links":{"self":[{"href":"https:\/\/flexolaser.es\/en\/wp-json\/wp\/v2\/pages\/190"}],"collection":[{"href":"https:\/\/flexolaser.es\/en\/wp-json\/wp\/v2\/pages"}],"about":[{"href":"https:\/\/flexolaser.es\/en\/wp-json\/wp\/v2\/types\/page"}],"author":[{"embeddable":true,"href":"https:\/\/flexolaser.es\/en\/wp-json\/wp\/v2\/users\/4"}],"replies":[{"embeddable":true,"href":"https:\/\/flexolaser.es\/en\/wp-json\/wp\/v2\/comments?post=190"}],"version-history":[{"count":3,"href":"https:\/\/flexolaser.es\/en\/wp-json\/wp\/v2\/pages\/190\/revisions"}],"predecessor-version":[{"id":2277,"href":"https:\/\/flexolaser.es\/en\/wp-json\/wp\/v2\/pages\/190\/revisions\/2277"}],"wp:attachment":[{"href":"https:\/\/flexolaser.es\/en\/wp-json\/wp\/v2\/media?parent=190"}],"curies":[{"name":"wp","href":"https:\/\/api.w.org\/{rel}","templated":true}]}}